{"id":318,"date":"2021-07-05T18:15:49","date_gmt":"2021-07-05T18:15:49","guid":{"rendered":"https:\/\/msogestionderesiduos.com\/?page_id=318"},"modified":"2021-08-20T11:38:07","modified_gmt":"2021-08-20T11:38:07","slug":"aviso-legal","status":"publish","type":"page","link":"https:\/\/msogestionderesiduos.com\/index.php\/aviso-legal\/","title":{"rendered":"aviso legal"},"content":{"rendered":"\n\t<section class=\"section has-parallax\" id=\"section_463782055\">\n\t\t<div class=\"bg section-bg fill bg-fill  \" data-parallax-container=\".section\" data-parallax-background data-parallax=\"-10\">\n\n\t\t\t\n\t\t\t\n\t\t\t\n\n\t\t<\/div>\n\n\t\t<div class=\"section-content relative\">\n\t\t\t\n\n<div class=\"row\" style=\"max-width:1300px\" id=\"row-1008502587\">\n\n\n\t<div id=\"col-943169984\" class=\"col medium-11 small-12 large-7\"  >\n\t\t<div class=\"col-inner\" style=\"background-color:rgb(34, 107, 121);\" >\n\t\t\t\n\t\t\t\n\n\t<div id=\"text-48809154\" class=\"text\">\n\t\t\n\n<h2 class=\"uppercase\">AVISO LEGAL\u00a0<\/h2>\n\t\t\n<style>\n#text-48809154 {\n  font-size: 1.25rem;\n  color: rgb(255, 255, 255);\n}\n#text-48809154 > * {\n  color: rgb(255, 255, 255);\n}\n@media (min-width:550px) {\n  #text-48809154 {\n    font-size: 2.25rem;\n  }\n}\n<\/style>\n\t<\/div>\n\t\n\n\t\t<\/div>\n\t\t\n<style>\n#col-943169984 > .col-inner {\n  padding: 30px 30px 10px 40px;\n}\n<\/style>\n\t<\/div>\n\n\t\n\n\n<style>\n#row-1008502587 > .col > .col-inner {\n  background-color: rgb(255, 214, 80);\n}\n<\/style>\n<\/div>\n\n\t\t<\/div>\n\n\t\t\n<style>\n#section_463782055 {\n  padding-top: 200px;\n  padding-bottom: 200px;\n  min-height: 400px;\n}\n#section_463782055 .section-bg.bg-loaded {\n  background-image: url(https:\/\/msogestionderesiduos.com\/wp-content\/uploads\/2021\/08\/tasas_martillo.jpeg);\n}\n#section_463782055 .section-bg {\n  background-position: 100% 11%;\n}\n@media (min-width:550px) {\n  #section_463782055 {\n    min-height: 600px;\n  }\n}\n@media (min-width:850px) {\n  #section_463782055 {\n    min-height: 60px;\n  }\n}\n<\/style>\n\t<\/section>\n\t\n\t<section class=\"section\" id=\"section_655023683\">\n\t\t<div class=\"bg section-bg fill bg-fill  bg-loaded\" >\n\n\t\t\t\n\t\t\t\n\t\t\t\n\n\t\t<\/div>\n\n\t\t<div class=\"section-content relative\">\n\t\t\t\n\n\t<div id=\"gap-1671522309\" class=\"gap-element clearfix\" style=\"display:block; height:auto;\">\n\t\t\n<style>\n#gap-1671522309 {\n  padding-top: 30px;\n}\n<\/style>\n\t<\/div>\n\t\n\n<div class=\"row\" style=\"max-width:1300px\" id=\"row-1096298548\">\n\n\n\t<div id=\"col-211936854\" class=\"col small-12 large-12\"  >\n\t\t<div class=\"col-inner\"  >\n\t\t\t\n\t\t\t\n\n<div class=\"row\" style=\"max-width:1300px\" id=\"row-1079651706\">\n\n\n\t<div id=\"col-311048477\" class=\"col medium-4 small-12 large-4\"  >\n\t\t<div class=\"col-inner box-shadow-2\" style=\"background-color:rgb(255, 255, 255);\" >\n\t\t\t\n\t<div class=\"is-border\"\n\t\tstyle=\"border-color:rgb(34, 107, 121);border-width:10px 0px 0px 0px;\">\n\t<\/div>\n\t\t\t\n\n\t<div id=\"text-3258520838\" class=\"text\">\n\t\t\n\n<h1><b>Aviso Legal\u00a0<\/b><\/h1>\n<p>MSO GESTION DE RESIDUOS SLU, con C.I.F. B86993029 y domicilio en Avda.Arboleda 26, Pol\u00edgono Ind.La Postura C.P.: 28343 &#8211; Valdemoro (MADRID).<\/p>\n<p>\u00a0<\/p>\n<p>\u00a0<\/p>\n\t\t\n<style>\n#text-3258520838 {\n  font-size: 0.75rem;\n}\n<\/style>\n\t<\/div>\n\t\n<a href=\"https:\/\/msogestionderesiduos.com\/wp-content\/uploads\/2021\/08\/AVISO-LEGAL.pdf\" target=\"_self\" class=\"button primary is-underline\"  >\n    <span>DESCARGAR<\/span>\n  <\/a>\n\n\n\n\t\t<\/div>\n\t\t\n<style>\n#col-311048477 > .col-inner {\n  padding: 30px 30px 30px 30px;\n}\n<\/style>\n\t<\/div>\n\n\t\n\n\t<div id=\"col-166762217\" class=\"col medium-4 small-12 large-4\"  >\n\t\t<div class=\"col-inner box-shadow-2\" style=\"background-color:rgb(255, 255, 255);\" >\n\t\t\t\n\t<div class=\"is-border\"\n\t\tstyle=\"border-color:rgb(34, 107, 121);border-width:10px 0px 0px 0px;\">\n\t<\/div>\n\t\t\t\n\n\t<div id=\"text-1917222968\" class=\"text\">\n\t\t\n\n<h4><strong>DERECHOS DE PROPIEDAD INTELECTUAL E INDUSTRIAL<\/strong><\/h4>\n<p>El Usuario reconoce y acepta que todos los derechos de propiedad industrial e intelectual sobre los contenidos y\/o cualesquier otro elemento insertado en el Sitio Web.<\/p>\n<p>\u00a0<\/p>\n<p>\u00a0<\/p>\n\t\t\n<style>\n#text-1917222968 {\n  font-size: 0.75rem;\n}\n<\/style>\n\t<\/div>\n\t\n<a href=\"https:\/\/msogestionderesiduos.com\/wp-content\/uploads\/2021\/08\/DERECHOS-DE-PROPIEDAD-INTELECTUAL-E-INDUSTRIAL.pdf\" target=\"_self\" class=\"button primary is-underline\"  >\n    <span>DESCARGAR<\/span>\n  <\/a>\n\n\n\n\t\t<\/div>\n\t\t\n<style>\n#col-166762217 > .col-inner {\n  padding: 30px 30px 30px 30px;\n}\n<\/style>\n\t<\/div>\n\n\t\n\n\t<div id=\"col-969297108\" class=\"col medium-4 small-12 large-4\"  >\n\t\t<div class=\"col-inner box-shadow-2\" style=\"background-color:rgb(255, 255, 255);\" >\n\t\t\t\n\t<div class=\"is-border\"\n\t\tstyle=\"border-color:rgb(34, 107, 121);border-width:10px 0px 0px 0px;\">\n\t<\/div>\n\t\t\t\n\n\t<div id=\"text-3279435193\" class=\"text\">\n\t\t\n\n<h1><strong>EXENCI\u00d3N DE RESPONSABILIDAD\u00a0<\/strong><\/h1>\n<p>MSO GESTION DE RESIDUOS SLU se reserva la facultad de modificar y actualizar el contenido de esta web en cualquier momento. Las modificaciones no tendr\u00e1n car\u00e1cter retroactivo, por lo tanto, no afectar\u00e1n a las compras que se hayan efectuado con anterioridad, es decir, antes de implementar dichas modificaciones.<\/p>\n\t\t\n<style>\n#text-3279435193 {\n  font-size: 0.75rem;\n}\n<\/style>\n\t<\/div>\n\t\n<a rel=\"noopener noreferrer\" href=\"https:\/\/msogestionderesiduos.com\/wp-content\/uploads\/2021\/08\/EXENCIO\u0301N-DE-RESPONSABILIDAD.pdf\" target=\"_blank\" class=\"button primary is-underline\"  >\n    <span>DESCARGAR<\/span>\n  <\/a>\n\n\n\n\t\t<\/div>\n\t\t\n<style>\n#col-969297108 > .col-inner {\n  padding: 30px 30px 30px 30px;\n}\n<\/style>\n\t<\/div>\n\n\t\n\n<\/div>\n\n\t\t<\/div>\n\t\t\n<style>\n#col-211936854 > .col-inner {\n  margin: -130px 0px 0px 0px;\n}\n<\/style>\n\t<\/div>\n\n\t\n\n<\/div>\n\n\t\t<\/div>\n\n\t\t\n<style>\n#section_655023683 {\n  padding-top: 30px;\n  padding-bottom: 30px;\n}\n<\/style>\n\t<\/section>\n\t\n\t<section class=\"section\" id=\"section_932695926\">\n\t\t<div class=\"bg section-bg fill bg-fill  bg-loaded\" >\n\n\t\t\t\n\t\t\t\n\t\t\t\n\n\t\t<\/div>\n\n\t\t<div class=\"section-content relative\">\n\t\t\t\n\n\t<div id=\"gap-1214914692\" class=\"gap-element clearfix\" style=\"display:block; height:auto;\">\n\t\t\n<style>\n#gap-1214914692 {\n  padding-top: 30px;\n}\n<\/style>\n\t<\/div>\n\t\n\n<div class=\"row\" style=\"max-width:1300px\" id=\"row-1439781800\">\n\n\n\t<div id=\"col-269345239\" class=\"col small-12 large-12\"  >\n\t\t<div class=\"col-inner\"  >\n\t\t\t\n\t\t\t\n\n<div class=\"row\" style=\"max-width:1300px\" id=\"row-1053088168\">\n\n\n\t<div id=\"col-603706094\" class=\"col medium-4 small-12 large-4\"  >\n\t\t<div class=\"col-inner box-shadow-2\" style=\"background-color:rgb(255, 255, 255);\" >\n\t\t\t\n\t<div class=\"is-border\"\n\t\tstyle=\"border-color:rgb(34, 107, 121);border-width:10px 0px 0px 0px;\">\n\t<\/div>\n\t\t\t\n\n\t<div id=\"text-4226802593\" class=\"text\">\n\t\t\n\n<h1><strong>POL\u00cdTICA DE PROTECCI\u00d3N DE DATOS Y PRIVACIDAD<\/strong><\/h1>\n<p>\u00a0MSO GESTION DE RESIDUOS SLU, de ahora en adelante el responsable de la presente Web y de conformidad con lo dispuesto por la legislaci\u00f3n vigente.<\/p>\n\t\t\n<style>\n#text-4226802593 {\n  font-size: 1rem;\n}\n<\/style>\n\t<\/div>\n\t\n<a href=\"https:\/\/msogestionderesiduos.com\/wp-content\/uploads\/2021\/08\/POLI\u0301TICA-DE-PROTECCIO\u0301N-DE-DATOS-Y-PRIVACIDAD.pdf\" target=\"_self\" class=\"button primary is-underline\"  >\n    <span>DESCARGAR<\/span>\n  <\/a>\n\n\n\n\t\t<\/div>\n\t\t\n<style>\n#col-603706094 > .col-inner {\n  padding: 30px 30px 30px 30px;\n}\n<\/style>\n\t<\/div>\n\n\t\n\n\t<div id=\"col-921482807\" class=\"col medium-4 small-12 large-4\"  >\n\t\t<div class=\"col-inner box-shadow-2\" style=\"background-color:rgb(255, 255, 255);\" >\n\t\t\t\n\t<div class=\"is-border\"\n\t\tstyle=\"border-color:rgb(34, 107, 121);border-width:10px 0px 0px 0px;\">\n\t<\/div>\n\t\t\t\n\n\t<div id=\"text-619607492\" class=\"text\">\n\t\t\n\n<h3><strong>DEBER DE INFORMAR SOBRE EL TRATAMIENTO DE DATOS AL AFECTADO INFORMACI\u00d3N ADICIONAL.<\/strong><\/h3>\n<p>En cumplimiento de lo establecido en los art\u00edculos 13 y 14 del RGPD (UE) 2016\/679, de 27 de abril, y en el art\u00edculo 11 de la LOPD 3\/2018, de 5 de diciembre ponemos a disposici\u00f3n del interesado la informaci\u00f3n adicional referente al tratamiento de sus datos de car\u00e1cter personal.<\/p>\n<p>\u00a0<\/p>\n\t\t\n<style>\n#text-619607492 {\n  font-size: 0.75rem;\n}\n<\/style>\n\t<\/div>\n\t\n<a rel=\"noopener noreferrer\" href=\"https:\/\/msogestionderesiduos.com\/wp-content\/uploads\/2021\/08\/DEBER-DE-INFORMAR-SOBRE-EL-TRATAMIENTO-DE-DATOS-AL-AFECTADO-INFORMACIO\u0301N-ADICIONAL.pdf\" target=\"_blank\" class=\"button primary is-underline\"  >\n    <span>DESCARGAR<\/span>\n  <\/a>\n\n\n\n\t\t<\/div>\n\t\t\n<style>\n#col-921482807 > .col-inner {\n  padding: 30px 30px 30px 30px;\n}\n<\/style>\n\t<\/div>\n\n\t\n\n\t<div id=\"col-266057335\" class=\"col medium-4 small-12 large-4\"  >\n\t\t<div class=\"col-inner box-shadow-2\" style=\"background-color:rgb(255, 255, 255);\" >\n\t\t\t\n\t<div class=\"is-border\"\n\t\tstyle=\"border-color:rgb(34, 107, 121);border-width:10px 0px 0px 0px;\">\n\t<\/div>\n\t\t\t\n\n\t<div id=\"text-3456836367\" class=\"text\">\n\t\t\n\n<h3><strong>TRATAMIENTO DE LOS DATOS Y SU CONFIDENCIALIDAD EN LA P\u00c1GINA WEB<\/strong><\/h3>\n<p><span style=\"font-size: 85%;\">La entidad Responsable del Tratamiento, as\u00ed como las que intervengan en cualquier fase del tratamiento y\/o las entidades a quienes les hayan sido comunicados los datos -en virtud de la autorizaci\u00f3n conferida por el USUARIO- est\u00e1n obligadas a observar el secreto profesional y a adoptar los niveles de protecci\u00f3n y las medidas t\u00e9cnicas y organizativas necesarias a su alcance que garanticen la seguridad de los datos de car\u00e1cter personal, evitando, en la medida de lo posible, accesos no autorizados, modificaciones il\u00edcitas, sustracciones y\/o la p\u00e9rdida de los datos.\u00a0<\/span><\/p>\n\t\t\n<style>\n#text-3456836367 {\n  font-size: 0.75rem;\n}\n<\/style>\n\t<\/div>\n\t\n<a rel=\"noopener noreferrer\" href=\"https:\/\/msogestionderesiduos.com\/wp-content\/uploads\/2021\/08\/TRATAMIENTO-DE-LOS-DATOS-Y-SU-CONFIDENCIALIDAD-EN-LA-PA\u0301GINA-WEB.pdf\" target=\"_blank\" class=\"button primary is-underline\"  >\n    <span>DESCARGAR<\/span>\n  <\/a>\n\n\n\n\t\t<\/div>\n\t\t\n<style>\n#col-266057335 > .col-inner {\n  padding: 30px 30px 30px 30px;\n}\n<\/style>\n\t<\/div>\n\n\t\n\n<\/div>\n\n\t\t<\/div>\n\t\t\n<style>\n#col-269345239 > .col-inner {\n  margin: -130px 0px 0px 0px;\n}\n<\/style>\n\t<\/div>\n\n\t\n\n<\/div>\n\n\t\t<\/div>\n\n\t\t\n<style>\n#section_932695926 {\n  padding-top: 30px;\n  padding-bottom: 30px;\n}\n<\/style>\n\t<\/section>\n\t\n\t<section class=\"section\" id=\"section_1527708210\">\n\t\t<div class=\"bg section-bg fill bg-fill  bg-loaded\" >\n\n\t\t\t\n\t\t\t\n\t\t\t\n\n\t\t<\/div>\n\n\t\t<div class=\"section-content relative\">\n\t\t\t\n\n\t<div id=\"gap-363921080\" class=\"gap-element clearfix\" style=\"display:block; height:auto;\">\n\t\t\n<style>\n#gap-363921080 {\n  padding-top: 30px;\n}\n<\/style>\n\t<\/div>\n\t\n\n<div class=\"row\" style=\"max-width:1300px\" id=\"row-112623440\">\n\n\n\t<div id=\"col-1166084626\" class=\"col small-12 large-12\"  >\n\t\t<div class=\"col-inner\"  >\n\t\t\t\n\t\t\t\n\n<div class=\"row\" style=\"max-width:1300px\" id=\"row-41687741\">\n\n\n\t<div id=\"col-1220400208\" class=\"col medium-4 small-12 large-4\"  >\n\t\t<div class=\"col-inner box-shadow-2\" style=\"background-color:rgb(255, 255, 255);\" >\n\t\t\t\n\t<div class=\"is-border\"\n\t\tstyle=\"border-color:rgb(34, 107, 121);border-width:10px 0px 0px 0px;\">\n\t<\/div>\n\t\t\t\n\n\t<div id=\"text-2307650463\" class=\"text\">\n\t\t\n\n<h1><strong>POL\u00cdTICA DE COOKIES<\/strong><\/h1>\n<p>Las cookies son peque\u00f1os archivos de texto que se almacenan en el dispositivo del usuario de Internet al visitar una p\u00e1gina web. Es el operador del sitio web el que determina qu\u00e9 tipo de informaci\u00f3n contiene dicha cookie y cu\u00e1l es su prop\u00f3sito, pudiendo adem\u00e1s ser utilizada por el servidor web cada vez que visite dicha p\u00e1gina. Se utilizan las cookies para ahorrar tiempo y hacer la experiencia de navegaci\u00f3n web mucho m\u00e1s eficiente. No obstante, pueden ser usadas con varios prop\u00f3sitos diferentes como pueden ser recordar la informaci\u00f3n de inicio de sesi\u00f3n o lo que contiene su pedido de compra.<\/p>\n\t\t\n<style>\n#text-2307650463 {\n  font-size: 0.75rem;\n}\n<\/style>\n\t<\/div>\n\t\n<a rel=\"noopener noreferrer\" href=\"https:\/\/msogestionderesiduos.com\/wp-content\/uploads\/2021\/08\/POLI\u0301TICA-DE-COOKIES.pdf\" target=\"_blank\" class=\"button primary is-underline\"  >\n    <span>DESCARGAR<\/span>\n  <\/a>\n\n\n\n\t\t<\/div>\n\t\t\n<style>\n#col-1220400208 > .col-inner {\n  padding: 30px 30px 30px 30px;\n}\n<\/style>\n\t<\/div>\n\n\t\n\n\t<div id=\"col-160181100\" class=\"col medium-4 small-12 large-4\"  >\n\t\t<div class=\"col-inner box-shadow-2\" style=\"background-color:rgb(255, 255, 255);\" >\n\t\t\t\n\t<div class=\"is-border\"\n\t\tstyle=\"border-color:rgb(34, 107, 121);border-width:10px 0px 0px 0px;\">\n\t<\/div>\n\t\t\t\n\n\t<div id=\"text-3769937190\" class=\"text\">\n\t\t\n\n<h3><strong>MODIFICACI\u00d3N DE LA POL\u00cdTICA DE PROTECCI\u00d3N DE DATOS, DE PRIVACIDAD Y DE COOKIES<\/strong><\/h3>\n<p>Finalmente les informamos de que el Responsable del Tratamiento se reserva el derecho a modificar la presente pol\u00edtica de protecci\u00f3n de datos, privacidad y cookies para adaptarla a las novedades legislativas o jurisprudenciales as\u00ed como a las modificaciones o pr\u00e1cticas de la industria, si bien se avisar\u00e1, con la debida antelaci\u00f3n, de los cambios que se vayan a introducir y del momento en que comenzar\u00e1n a surtir plenos efectos.\u00a0<\/p>\n\t\t\n<style>\n#text-3769937190 {\n  font-size: 0.75rem;\n}\n<\/style>\n\t<\/div>\n\t\n<a rel=\"noopener noreferrer\" href=\"https:\/\/msogestionderesiduos.com\/wp-content\/uploads\/2021\/08\/MODIFICACIO\u0301N-DE-LA-POLI\u0301TICA-DE-PROTECCIO\u0301N-DE-DATOS.pdf\" target=\"_blank\" class=\"button primary is-underline\"  >\n    <span>DESCARGAR<\/span>\n  <\/a>\n\n\n\n\t\t<\/div>\n\t\t\n<style>\n#col-160181100 > .col-inner {\n  padding: 30px 30px 30px 30px;\n}\n<\/style>\n\t<\/div>\n\n\t\n\n\t<div id=\"col-1835360798\" class=\"col medium-4 small-12 large-4\"  >\n\t\t<div class=\"col-inner box-shadow-2\" style=\"background-color:rgb(255, 255, 255);\" >\n\t\t\t\n\t<div class=\"is-border\"\n\t\tstyle=\"border-color:rgb(34, 107, 121);border-width:10px 0px 0px 0px;\">\n\t<\/div>\n\t\t\t\n\n\t<div id=\"text-178809401\" class=\"text\">\n\t\t\n\n<h1><strong>POL\u00cdTICA ANTI SPAM<\/strong><\/h1>\n<p>\u00a0<\/p>\n<p>Nuestras comunicaciones no quieren llegar a ninguna persona que no lo desee, por ello, y para poder corregir la situaci\u00f3n que a veces puede darse, como que alguna persona pueda dar de alta a otra sin su consentimiento, hemos incorporado a este sistema de suscripci\u00f3n un filtro basado en una \u00ablista no contacto\u00bb, que impide que se pueda enviar una comunicaci\u00f3n comercial a cualquier direcci\u00f3n de correo Incluida en la misma.<\/p>\n<p>\u00a0<\/p>\n\t\t\n<style>\n#text-178809401 {\n  font-size: 0.75rem;\n}\n<\/style>\n\t<\/div>\n\t\n<a rel=\"noopener noreferrer\" href=\"https:\/\/msogestionderesiduos.com\/wp-content\/uploads\/2021\/08\/POLITICA-ANTI-SPAM.pdf\" target=\"_blank\" class=\"button primary is-underline\"  >\n    <span>DESCARGAR<\/span>\n  <\/a>\n\n\n\n\t\t<\/div>\n\t\t\n<style>\n#col-1835360798 > .col-inner {\n  padding: 30px 30px 30px 30px;\n}\n<\/style>\n\t<\/div>\n\n\t\n\n<\/div>\n\n\t\t<\/div>\n\t\t\n<style>\n#col-1166084626 > .col-inner {\n  margin: -130px 0px 0px 0px;\n}\n<\/style>\n\t<\/div>\n\n\t\n\n<\/div>\n\n\t\t<\/div>\n\n\t\t\n<style>\n#section_1527708210 {\n  padding-top: 30px;\n  padding-bottom: 30px;\n}\n<\/style>\n\t<\/section>\n\t\n\t<section class=\"section\" id=\"section_777185597\">\n\t\t<div class=\"bg section-bg fill bg-fill  bg-loaded\" >\n\n\t\t\t\n\t\t\t\n\t\t\t\n\n\t\t<\/div>\n\n\t\t<div class=\"section-content relative\">\n\t\t\t\n\n\t<div id=\"gap-453541063\" class=\"gap-element clearfix\" style=\"display:block; height:auto;\">\n\t\t\n<style>\n#gap-453541063 {\n  padding-top: 30px;\n}\n<\/style>\n\t<\/div>\n\t\n\n<div class=\"row\" style=\"max-width:1300px\" id=\"row-964638684\">\n\n\n\t<div id=\"col-869885017\" class=\"col small-12 large-12\"  >\n\t\t<div class=\"col-inner\"  >\n\t\t\t\n\t\t\t\n\n<div class=\"row\" style=\"max-width:1300px\" id=\"row-1599134581\">\n\n\n\t<div id=\"col-1796465710\" class=\"col medium-4 small-12 large-4\"  >\n\t\t<div class=\"col-inner box-shadow-2\" style=\"background-color:rgb(255, 255, 255);\" >\n\t\t\t\n\t<div class=\"is-border\"\n\t\tstyle=\"border-color:rgb(34, 107, 121);border-width:10px 0px 0px 0px;\">\n\t<\/div>\n\t\t\t\n\n\t<div id=\"text-3160014011\" class=\"text\">\n\t\t\n\n<h1><strong>LEY APLICABLE Y JURISDICCI\u00d3N<\/strong><\/h1>\n<p>La legislaci\u00f3n aplicable en caso de disputa o conflicto de interpretaci\u00f3n de los t\u00e9rminos que conforman este Aviso Legal, as\u00ed como cualquier cuesti\u00f3n relacionada con los servicios de la presente web, ser\u00e1 la espa\u00f1ola.<\/p>\n\t\t\n<style>\n#text-3160014011 {\n  font-size: 0.75rem;\n}\n<\/style>\n\t<\/div>\n\t\n<a rel=\"noopener noreferrer\" href=\"https:\/\/msogestionderesiduos.com\/wp-content\/uploads\/2021\/08\/LEY-APLICABLE-Y-JURISDICCIO\u0301N.pdf\" target=\"_blank\" class=\"button primary is-underline\"  >\n    <span>DESCARGAR<\/span>\n  <\/a>\n\n\n\n\t\t<\/div>\n\t\t\n<style>\n#col-1796465710 > .col-inner {\n  padding: 30px 30px 30px 30px;\n}\n<\/style>\n\t<\/div>\n\n\t\n\n\t<div id=\"col-248164635\" class=\"col medium-4 small-12 large-4\"  >\n\t\t<div class=\"col-inner box-shadow-2\" style=\"background-color:rgb(255, 255, 255);\" >\n\t\t\t\n\t<div class=\"is-border\"\n\t\tstyle=\"border-color:rgb(34, 107, 121);border-width:10px 0px 0px 0px;\">\n\t<\/div>\n\t\t\t\n\n\t<div id=\"text-3062789196\" class=\"text\">\n\t\t\n\n<h1><strong>COPYRIGHT<\/strong><\/h1>\n<p>Copyright: Dise\u00f1o y desarrollo realizado por MSO GESTION DE RESIDUOS SLU \u00a9 MSO GESTION DE RESIDUOS SLU \u00a0todos los derechos reservados.<\/p>\n<p>\u00a0<\/p>\n\t\t\n<style>\n#text-3062789196 {\n  font-size: 0.75rem;\n}\n<\/style>\n\t<\/div>\n\t\n<a rel=\"noopener noreferrer\" href=\"https:\/\/msogestionderesiduos.com\/wp-content\/uploads\/2021\/08\/COPYRIGHT.pdf\" target=\"_blank\" class=\"button primary is-underline\"  >\n    <span>DESCARGAR<\/span>\n  <\/a>\n\n\n\n\t\t<\/div>\n\t\t\n<style>\n#col-248164635 > .col-inner {\n  padding: 30px 30px 30px 30px;\n}\n<\/style>\n\t<\/div>\n\n\t\n\n\t<div id=\"col-523428120\" class=\"col medium-4 small-12 large-4\"  >\n\t\t<div class=\"col-inner box-shadow-2\" style=\"background-color:rgb(255, 255, 255);\" >\n\t\t\t\n\t<div class=\"is-border\"\n\t\tstyle=\"border-color:rgb(34, 107, 121);border-width:10px 0px 0px 0px;\">\n\t<\/div>\n\t\t\t\n\n\t<div id=\"text-1984228591\" class=\"text\">\n\t\t\n\n<h1><strong>CONSUMIDORES Y USUARIOS<\/strong><\/h1>\n<p>Si usted contrata como consumidor y usuario, le ofrecemos garant\u00edas sobre los productos que comercializamos a trav\u00e9s de esta p\u00e1gina web en los t\u00e9rminos legalmente establecidos para cada tipo de producto&#8230;<\/p>\n\t\t\n<style>\n#text-1984228591 {\n  font-size: 0.75rem;\n}\n<\/style>\n\t<\/div>\n\t\n<a rel=\"noopener noreferrer\" href=\"https:\/\/msogestionderesiduos.com\/wp-content\/uploads\/2021\/08\/CONSUMIDORES-Y-USUARIOS.pdf\" target=\"_blank\" class=\"button primary is-underline\"  >\n    <span>DESCARGAR<\/span>\n  <\/a>\n\n\n\n\t\t<\/div>\n\t\t\n<style>\n#col-523428120 > .col-inner {\n  padding: 30px 30px 30px 30px;\n}\n<\/style>\n\t<\/div>\n\n\t\n\n<\/div>\n\n\t\t<\/div>\n\t\t\n<style>\n#col-869885017 > .col-inner {\n  margin: -130px 0px 0px 0px;\n}\n<\/style>\n\t<\/div>\n\n\t\n\n<\/div>\n\n\t\t<\/div>\n\n\t\t\n<style>\n#section_777185597 {\n  padding-top: 30px;\n  padding-bottom: 30px;\n}\n<\/style>\n\t<\/section>\n\t\n\t<section class=\"section\" id=\"section_111708003\">\n\t\t<div class=\"bg section-bg fill bg-fill  \" >\n\n\t\t\t\n\t\t\t<div class=\"section-bg-overlay absolute fill\"><\/div>\n\t\t\t\n\n\t\t<\/div>\n\n\t\t<div class=\"section-content relative\">\n\t\t\t\n\n\t<div id=\"gap-1768639221\" class=\"gap-element clearfix\" style=\"display:block; height:auto;\">\n\t\t\n<style>\n#gap-1768639221 {\n  padding-top: 30px;\n}\n<\/style>\n\t<\/div>\n\t\n\n<div class=\"row\" style=\"max-width:1300px\" id=\"row-1926924132\">\n\n\n\t<div id=\"col-430057511\" class=\"col medium-10 small-12 large-6\"  >\n\t\t<div class=\"col-inner text-left box-shadow-3\" style=\"background-color:rgb(255, 255, 255);\" >\n\t\t\t\n\t<div class=\"is-border\"\n\t\tstyle=\"border-color:rgb(34, 107, 121);border-width:8px 0px 0px 0px;\">\n\t<\/div>\n\t\t\t\n\n\t<div id=\"text-3532875017\" class=\"text\">\n\t\t\n\n<h2>DOCUMENTOS<\/h2>\n\t\t\n<style>\n#text-3532875017 {\n  font-size: 1.75rem;\n}\n<\/style>\n\t<\/div>\n\t\n\t<div id=\"text-81323888\" class=\"text\">\n\t\t\n\n<p>MSO GESTI\u00d3N DE RESIDUOS proporciona a sus clientes toda la documentaci\u00f3n pertinente al aviso legal de esta p\u00e1gina y de la empresa.\u00a0<\/p>\n\t\t\n<style>\n#text-81323888 {\n  text-align: left;\n}\n<\/style>\n\t<\/div>\n\t\n\t<div id=\"gap-126167265\" class=\"gap-element clearfix\" style=\"display:block; height:auto;\">\n\t\t\n<style>\n#gap-126167265 {\n  padding-top: 5px;\n}\n<\/style>\n\t<\/div>\n\t\n\n<a rel=\"noopener noreferrer\" href=\"https:\/\/msogestionderesiduos.com\/wp-content\/uploads\/2021\/08\/AVISO-LEGAL.pdf\" target=\"_blank\" class=\"button primary expand\"  style=\"padding:5px 30px 5px 30px;\">\n    <span>descargar documentaci\u00f3n aviso legal<\/span>\n  <\/a>\n\n\n\n\t\t<\/div>\n\t\t\n<style>\n#col-430057511 > .col-inner {\n  padding: 50px 50px 50px 50px;\n}\n<\/style>\n\t<\/div>\n\n\t\n\n<\/div>\n\n\t\t<\/div>\n\n\t\t\n<style>\n#section_111708003 {\n  padding-top: 30px;\n  padding-bottom: 30px;\n  min-height: 0px;\n}\n#section_111708003 .section-bg-overlay {\n  background-color: rgba(39, 54, 71, 0.75);\n}\n#section_111708003 .section-bg.bg-loaded {\n  background-image: url(https:\/\/msogestionderesiduos.com\/wp-content\/uploads\/2021\/07\/daniel-mccullough-HtBlQdxfG9k-unsplash.jpg);\n}\n#section_111708003 .section-bg {\n  background-position: 72% 93%;\n}\n<\/style>\n\t<\/section>\n\t\n\n","protected":false},"excerpt":{"rendered":"","protected":false},"author":1,"featured_media":0,"parent":0,"menu_order":0,"comment_status":"closed","ping_status":"closed","template":"page-blank.php","meta":{"footnotes":""},"class_list":["post-318","page","type-page","status-publish","hentry"],"_links":{"self":[{"href":"https:\/\/msogestionderesiduos.com\/index.php\/wp-json\/wp\/v2\/pages\/318","targetHints":{"allow":["GET"]}}],"collection":[{"href":"https:\/\/msogestionderesiduos.com\/index.php\/wp-json\/wp\/v2\/pages"}],"about":[{"href":"https:\/\/msogestionderesiduos.com\/index.php\/wp-json\/wp\/v2\/types\/page"}],"author":[{"embeddable":true,"href":"https:\/\/msogestionderesiduos.com\/index.php\/wp-json\/wp\/v2\/users\/1"}],"replies":[{"embeddable":true,"href":"https:\/\/msogestionderesiduos.com\/index.php\/wp-json\/wp\/v2\/comments?post=318"}],"version-history":[{"count":31,"href":"https:\/\/msogestionderesiduos.com\/index.php\/wp-json\/wp\/v2\/pages\/318\/revisions"}],"predecessor-version":[{"id":671,"href":"https:\/\/msogestionderesiduos.com\/index.php\/wp-json\/wp\/v2\/pages\/318\/revisions\/671"}],"wp:attachment":[{"href":"https:\/\/msogestionderesiduos.com\/index.php\/wp-json\/wp\/v2\/media?parent=318"}],"curies":[{"name":"wp","href":"https:\/\/api.w.org\/{rel}","templated":true}]}}