{"id":9,"date":"2021-06-14T07:49:58","date_gmt":"2021-06-14T07:49:58","guid":{"rendered":"https:\/\/msogestionderesiduos.com\/?page_id=9"},"modified":"2021-08-19T19:21:02","modified_gmt":"2021-08-19T19:21:02","slug":"empresa","status":"publish","type":"page","link":"https:\/\/msogestionderesiduos.com\/index.php\/empresa\/","title":{"rendered":"EMPRESA"},"content":{"rendered":"\n\t<section class=\"section dark\" id=\"section_1198544895\">\n\t\t<div class=\"bg section-bg fill bg-fill  bg-loaded\" >\n\n\t\t\t\n\t\t\t<div class=\"section-bg-overlay absolute fill\"><\/div>\n\t\t\t\n\t<div class=\"is-border is-dotted\"\n\t\tstyle=\"border-radius:48px;border-width:0px 0px 0px 0px;\">\n\t<\/div>\n\n\t\t<\/div>\n\n\t\t<div class=\"section-content relative\">\n\t\t\t\n\n<div class=\"row align-bottom\" style=\"max-width:1200px\" id=\"row-1912183513\">\n\n\n\t<div id=\"col-7031049\" class=\"col medium-12 small-12 large-6\"  >\n\t\t<div class=\"col-inner\"  >\n\t\t\t\n\t\t\t\n\n\t<div id=\"gap-500787407\" class=\"gap-element clearfix\" style=\"display:block; height:auto;\">\n\t\t\n<style>\n#gap-500787407 {\n  padding-top: 30px;\n}\n<\/style>\n\t<\/div>\n\t\n\n\t<div id=\"text-3426245775\" class=\"text\">\n\t\t\n\n<h6>\u00bfQUIENES SOMOS?\u00a0<\/h6>\n\t\t\n<style>\n#text-3426245775 {\n  font-size: 1.1rem;\n  text-align: left;\n}\n<\/style>\n\t<\/div>\n\t\n\t<div id=\"text-2145078482\" class=\"text\">\n\t\t\n\n<h1>NUESTRA EMPRESA<\/h1>\n\t\t\n<style>\n#text-2145078482 {\n  font-size: 1.75rem;\n}\n@media (min-width:550px) {\n  #text-2145078482 {\n    font-size: 2rem;\n  }\n}\n<\/style>\n\t<\/div>\n\t\n\n\t\t<\/div>\n\t\t\t<\/div>\n\n\t\n\n\t<div id=\"col-861511234\" class=\"col medium-12 small-12 large-6\"  >\n\t\t<div class=\"col-inner\"  >\n\t\t\t\n\t\t\t\n\n<a class=\"button white is-outline expand\"  style=\"padding:5px 0px 5px 0px;\">\n    <span>TRABAJANDO CON NUESTROS CLIENTES DESDE HACE M\u00c1S DE 50 A\u00d1OS<\/span>\n  <\/a>\n\n\n\n\t\t<\/div>\n\t\t\n<style>\n#col-861511234 > .col-inner {\n  padding: 0px 0px 0px 0;\n  margin: 0 0px 0px 0px;\n}\n@media (min-width:850px) {\n  #col-861511234 > .col-inner {\n    padding: 0px 0px 0px 30px;\n    margin: -70px 0px 0px 0px;\n  }\n}\n<\/style>\n\t<\/div>\n\n\t\n\n<\/div>\n\t<div id=\"gap-1973495415\" class=\"gap-element clearfix\" style=\"display:block; height:auto;\">\n\t\t\n<style>\n#gap-1973495415 {\n  padding-top: 50px;\n}\n<\/style>\n\t<\/div>\n\t\n\n\n\t\t<\/div>\n\n\t\t\n<style>\n#section_1198544895 {\n  padding-top: 20px;\n  padding-bottom: 20px;\n}\n#section_1198544895 .section-bg-overlay {\n  background-color: rgb(34, 107, 121);\n}\n<\/style>\n\t<\/section>\n\t\n\t<section class=\"section\" id=\"section_1883009170\">\n\t\t<div class=\"bg section-bg fill bg-fill  \" >\n\n\t\t\t\n\t\t\t<div class=\"section-bg-overlay absolute fill\"><\/div>\n\t\t\t\n\n\t\t<\/div>\n\n\t\t<div class=\"section-content relative\">\n\t\t\t\n\n<div class=\"row\" style=\"max-width:1200px\" id=\"row-1688946377\">\n\n\n\t<div id=\"col-1012132555\" class=\"col small-12 large-12\"  >\n\t\t<div class=\"col-inner\"  >\n\t\t\t\n\t\t\t\n\n\n\t\t<\/div>\n\t\t\n<style>\n#col-1012132555 > .col-inner {\n  margin: -120px 0px 0px 0px;\n}\n<\/style>\n\t<\/div>\n\n\t\n\n<\/div>\n<div class=\"row align-center\" style=\"max-width:1200px\" id=\"row-242741681\">\n\n\n\t<div id=\"col-1892840705\" class=\"col medium-10 small-12 large-8\"  >\n\t\t<div class=\"col-inner\"  >\n\t\t\t\n\t\t\t\n\n\t<div id=\"gap-1636494682\" class=\"gap-element clearfix\" style=\"display:block; height:auto;\">\n\t\t\n<style>\n#gap-1636494682 {\n  padding-top: 30px;\n}\n<\/style>\n\t<\/div>\n\t\n\n\t<div id=\"text-739933543\" class=\"text\">\n\t\t\n\n<h6>NUESTRA HISTORIA<\/h6>\n\t\t\n<style>\n#text-739933543 {\n  font-size: 1.1rem;\n  text-align: center;\n  color: rgb(255,255,255);\n}\n#text-739933543 > * {\n  color: rgb(255,255,255);\n}\n<\/style>\n\t<\/div>\n\t\n\t<div id=\"text-58700057\" class=\"text\">\n\t\t\n\n<h1>\u00abPAJARITAS DE PAPEL\u00bb\u00a0<\/h1>\n\t\t\n<style>\n#text-58700057 {\n  font-size: 1.75rem;\n  text-align: center;\n  color: rgb(255,255,255);\n}\n#text-58700057 > * {\n  color: rgb(255,255,255);\n}\n<\/style>\n\t<\/div>\n\t\n\t<div id=\"gap-1558550340\" class=\"gap-element clearfix\" style=\"display:block; height:auto;\">\n\t\t\n<style>\n#gap-1558550340 {\n  padding-top: 10px;\n}\n<\/style>\n\t<\/div>\n\t\n\n\t<div id=\"text-1099230060\" class=\"text\">\n\t\t\n\n<p>En 1970 Manuel S\u00e1nchez Oliva comienza su labor empresarial dedicada a la compra de papel a Artes Gr\u00e1ficas, Encuadernaciones, Editoriales, etc.\u00a0 En 1991 se constituye Manuel Sanchez Oliva S.L. dando de esta forma, entrada al relevo generacional.\u00a0 La l\u00ednea de actuaci\u00f3n en estos a\u00f1os contin\u00faa siendo la misma hasta el a\u00f1o 1999. \u00a0<br \/><br \/>A partir de esta fecha la Empresa inicia una nueva actividad dirigida a la prestaci\u00f3n de Servicios a empresas para la retirada de residuos industriales.\u00a0 Para ello cuenta con las acreditaciones de Gestor de Residuos y Transportista Autorizado por la Consejer\u00eda de Medio Ambiente de la Comunidad de Madrid.<\/p>\n<p>En el a\u00f1o 2014 se constituye MSO Gesti\u00f3n de Residuos, S.L.U. dando entrada a su tercer relevo generacional, contando con los mismos valores desde sus incios en el a\u00f1o 1970, y apostando por un futuro m\u00e1s sostenible, nuestro principal objetivo es dar \u00a0a nuestros clientes el mejor de los servicios \u00a0para continuar siendo gracias a ellos una de las empresas referentes del sector.\u00a0<\/p>\n<p>Desde entonces nuestra labor empresarial consisten en asesorar y gestionar los recursos de nuestros clientes, cumpliendo siempre con la legislaci\u00f3n medioambiental que rige en cada momento, realizando la valoraci\u00f3n de todos los materiales recuperables y minimizando la generaci\u00f3n de gastos de gesti\u00f3n en los no recuperables.<br \/><br \/>MSO Gesti\u00f3n de Residuos dispone de los medios m\u00e1s modernos y eficaces que nuestros clientes exigen, poni\u00e9ndolos a su disposici\u00f3n con el \u00e1nimo de mejorar en lo posible la calidad de vida y con el \u00fanico objetivo de compatibilizar el crecimiento industrial con el respeto por el medio ambiente.<\/p>\n\t\t\n<style>\n#text-1099230060 {\n  font-size: 1rem;\n  text-align: center;\n  color: rgb(255,255,255);\n}\n#text-1099230060 > * {\n  color: rgb(255,255,255);\n}\n<\/style>\n\t<\/div>\n\t\n\n\t\t<\/div>\n\t\t\t<\/div>\n\n\t\n\n<\/div>\n\n\t\t<\/div>\n\n\t\t\n<style>\n#section_1883009170 {\n  padding-top: 30px;\n  padding-bottom: 30px;\n}\n#section_1883009170 .section-bg-overlay {\n  background-color: rgba(0,0,0,.5);\n}\n#section_1883009170 .section-bg.bg-loaded {\n  background-image: url(https:\/\/msogestionderesiduos.com\/wp-content\/uploads\/2021\/07\/RECOGIENDO-PAPEL-CON-EL-CARRO-Y-LOS-CABALLOS.jpg);\n}\n<\/style>\n\t<\/section>\n\t\n\t<section class=\"section\" id=\"section_58633891\">\n\t\t<div class=\"bg section-bg fill bg-fill  bg-loaded\" >\n\n\t\t\t\n\t\t\t\n\t\t\t\n\n\t\t<\/div>\n\n\t\t<div class=\"section-content relative\">\n\t\t\t\n\n<div class=\"row row-dashed\"  id=\"row-1619311411\">\n\n\n\t<div id=\"col-274682485\" class=\"col medium-4 small-12 large-4\"  >\n\t\t<div class=\"col-inner\"  >\n\t\t\t\n\t\t\t\n\n\n\t\t<div class=\"icon-box featured-box icon-box-center text-center\"  >\n\t\t\t\t\t<div class=\"icon-box-img\" style=\"width: 50px\">\n\t\t\t\t<div class=\"icon\">\n\t\t\t\t\t<div class=\"icon-inner\" >\n\t\t\t\t\t\t<img loading=\"lazy\" decoding=\"async\" width=\"128\" height=\"128\" src=\"https:\/\/msogestionderesiduos.com\/wp-content\/uploads\/2021\/06\/2703076-128-1.png\" class=\"attachment-medium size-medium\" alt=\"\" srcset=\"https:\/\/msogestionderesiduos.com\/wp-content\/uploads\/2021\/06\/2703076-128-1.png 128w, https:\/\/msogestionderesiduos.com\/wp-content\/uploads\/2021\/06\/2703076-128-1-100x100.png 100w\" sizes=\"auto, (max-width: 128px) 100vw, 128px\" \/>\t\t\t\t\t<\/div>\n\t\t\t\t<\/div>\n\t\t\t<\/div>\n\t\t\t\t<div class=\"icon-box-text last-reset\">\n\t\t\t\t\t\t\t\t\t\n\n<h4>M\u00e1s de 350.000 toneladas gestionadas<\/h4>\n\n\t\t<\/div>\n\t<\/div>\n\t\n\t\n\n\t\t<\/div>\n\t\t\t<\/div>\n\n\t\n\n\t<div id=\"col-2085236394\" class=\"col medium-4 small-12 large-4\"  >\n\t\t<div class=\"col-inner\"  >\n\t\t\t\n\t\t\t\n\n\n\t\t<div class=\"icon-box featured-box icon-box-center text-center\"  >\n\t\t\t\t\t<div class=\"icon-box-img\" style=\"width: 56px\">\n\t\t\t\t<div class=\"icon\">\n\t\t\t\t\t<div class=\"icon-inner\" >\n\t\t\t\t\t\t<img loading=\"lazy\" decoding=\"async\" width=\"128\" height=\"128\" src=\"https:\/\/msogestionderesiduos.com\/wp-content\/uploads\/2021\/06\/3669335-128.png\" class=\"attachment-medium size-medium\" alt=\"\" srcset=\"https:\/\/msogestionderesiduos.com\/wp-content\/uploads\/2021\/06\/3669335-128.png 128w, https:\/\/msogestionderesiduos.com\/wp-content\/uploads\/2021\/06\/3669335-128-100x100.png 100w\" sizes=\"auto, (max-width: 128px) 100vw, 128px\" \/>\t\t\t\t\t<\/div>\n\t\t\t\t<\/div>\n\t\t\t<\/div>\n\t\t\t\t<div class=\"icon-box-text last-reset\">\n\t\t\t\t\t\t\t\t\t\n\n<h4>Certificados de gesti\u00f3n y calidad\u00a0<\/h4>\n\n\t\t<\/div>\n\t<\/div>\n\t\n\t\n\n\t\t<\/div>\n\t\t\t<\/div>\n\n\t\n\n\t<div id=\"col-1894710440\" class=\"col medium-4 small-12 large-4\"  >\n\t\t<div class=\"col-inner\"  >\n\t\t\t\n\t\t\t\n\n\n\t\t<div class=\"icon-box featured-box icon-box-center text-center\"  >\n\t\t\t\t\t<div class=\"icon-box-img\" style=\"width: 54px\">\n\t\t\t\t<div class=\"icon\">\n\t\t\t\t\t<div class=\"icon-inner\" >\n\t\t\t\t\t\t<img loading=\"lazy\" decoding=\"async\" width=\"128\" height=\"128\" src=\"https:\/\/msogestionderesiduos.com\/wp-content\/uploads\/2021\/06\/2703063-128-1.png\" class=\"attachment-medium size-medium\" alt=\"\" srcset=\"https:\/\/msogestionderesiduos.com\/wp-content\/uploads\/2021\/06\/2703063-128-1.png 128w, https:\/\/msogestionderesiduos.com\/wp-content\/uploads\/2021\/06\/2703063-128-1-100x100.png 100w\" sizes=\"auto, (max-width: 128px) 100vw, 128px\" \/>\t\t\t\t\t<\/div>\n\t\t\t\t<\/div>\n\t\t\t<\/div>\n\t\t\t\t<div class=\"icon-box-text last-reset\">\n\t\t\t\t\t\t\t\t\t\n\n<h4>M\u00e1s de 400 clientes satisfechos<\/h4>\n\n\t\t<\/div>\n\t<\/div>\n\t\n\t\n\n\t\t<\/div>\n\t\t\t<\/div>\n\n\t\n\n\n<style>\n#row-1619311411 > .col > .col-inner {\n  padding: 15px 20px 15px 20px;\n}\n@media (min-width:550px) {\n  #row-1619311411 > .col > .col-inner {\n    padding: 5px 20px 5px 20px;\n  }\n}\n<\/style>\n<\/div>\n\n\t\t<\/div>\n\n\t\t\n<style>\n#section_58633891 {\n  padding-top: 30px;\n  padding-bottom: 30px;\n}\n<\/style>\n\t<\/section>\n\t\n<div class=\"row row-collapse row-full-width\"  id=\"row-1483354206\">\n\n\n\t<div id=\"col-1674331289\" class=\"col medium-6 small-12 large-6\"  >\n\t\t<div class=\"col-inner\"  >\n\t\t\t\n\t\t\t\n\n\n  <div class=\"banner has-hover\" id=\"banner-531251702\">\n          <div class=\"banner-inner fill\">\n        <div class=\"banner-bg fill\" >\n            <div class=\"bg fill bg-fill \"><\/div>\n                        <div class=\"overlay\"><\/div>            \n                    <\/div>\n        <div class=\"banner-layers container\">\n            <a class=\"fill\" href=\"https:\/\/msogestionderesiduos.com\/index.php\/donde-estamos\/\"  ><div class=\"fill banner-link\"><\/div><\/a>            \n\n   <div id=\"text-box-795149899\" class=\"text-box banner-layer x50 md-x50 lg-x50 y50 md-y50 lg-y50 res-text\">\n                                <div class=\"text-box-content text dark\">\n              \n\t<div class=\"is-border\"\n\t\tstyle=\"border-width:3px 3px 3px 3px;margin:0px 0px 0px 0px;\">\n\t<\/div>\n              <div class=\"text-inner text-center\">\n                  \n\n\t<div id=\"text-2976487282\" class=\"text\">\n\t\t\n\n<h3 class=\"uppercase\"><strong>\u00bfD\u00f3nde estamos?<\/strong><\/h3>\n\t\t\n<style>\n#text-2976487282 {\n  font-size: 0.75rem;\n}\n<\/style>\n\t<\/div>\n\t\n\n              <\/div>\n           <\/div>\n                            \n<style>\n#text-box-795149899 .text-box-content {\n  background-color: rgba(115, 142, 147, 0.58);\n  font-size: 100%;\n}\n#text-box-795149899 .text-inner {\n  padding: 3px 0px 3px 0px;\n}\n#text-box-795149899 {\n  width: 61%;\n}\n@media (min-width:550px) {\n  #text-box-795149899 {\n    width: 45%;\n  }\n}\n<\/style>\n    <\/div>\n \n\n        <\/div>\n      <\/div>\n\n            \n<style>\n#banner-531251702 {\n  padding-top: 350px;\n}\n#banner-531251702 .bg.bg-loaded {\n  background-image: url(https:\/\/msogestionderesiduos.com\/wp-content\/uploads\/2021\/06\/naves-1024x332.jpg);\n}\n#banner-531251702 .overlay {\n  background-color: rgba(0,0,0,.5);\n}\n#banner-531251702 .bg {\n  background-position: 49% 27%;\n}\n<\/style>\n  <\/div>\n\n\n\n  <div class=\"banner has-hover\" id=\"banner-1744217057\">\n          <div class=\"banner-inner fill\">\n        <div class=\"banner-bg fill\" >\n            <div class=\"bg fill bg-fill \"><\/div>\n                                    \n                    <\/div>\n        <div class=\"banner-layers container\">\n            <div class=\"fill banner-link\"><\/div>            \n\n   <div id=\"text-box-1645535895\" class=\"text-box banner-layer x50 md-x50 lg-x50 y50 md-y50 lg-y50 res-text\">\n                                <div class=\"text-box-content text dark\">\n              \n              <div class=\"text-inner text-center\">\n                  \n\n\t<div id=\"text-3529703261\" class=\"text\">\n\t\t\n\n<p>MSO Gesti\u00f3n de Residuos, SLU<\/p>\n<p>Avenida de las Arboledas, 26\u00a0 \u00a0 \u00a0 \u00a0 \u00a0 Pol\u00edgono Industrial La Postura<\/p>\n<p>28343 Valdemoro (MADRID)<\/p>\n\t\t\n<style>\n#text-3529703261 {\n  font-size: 1rem;\n}\n<\/style>\n\t<\/div>\n\t\n\n              <\/div>\n           <\/div>\n                            \n<style>\n#text-box-1645535895 {\n  width: 73%;\n}\n#text-box-1645535895 .text-box-content {\n  font-size: 100%;\n}\n<\/style>\n    <\/div>\n \n\n        <\/div>\n      <\/div>\n\n            \n<style>\n#banner-1744217057 {\n  padding-top: 250px;\n  background-color: rgb(163, 190, 136);\n}\n@media (min-width:550px) {\n  #banner-1744217057 {\n    padding-top: 170px;\n  }\n}\n<\/style>\n  <\/div>\n\n\n\n\t\t<\/div>\n\t\t\t<\/div>\n\n\t\n\n\t<div id=\"col-921501187\" class=\"col medium-6 small-12 large-6\"  >\n\t\t<div class=\"col-inner\"  >\n\t\t\t\n\t\t\t\n\n\n  <div class=\"banner has-hover\" id=\"banner-1553237329\">\n          <div class=\"banner-inner fill\">\n        <div class=\"banner-bg fill\" >\n            <div class=\"bg fill bg-fill \"><\/div>\n                        <div class=\"overlay\"><\/div>            \n                    <\/div>\n        <div class=\"banner-layers container\">\n            <a class=\"fill\" href=\"https:\/\/msogestionderesiduos.com\/index.php\/aviso-legal\/\"  ><div class=\"fill banner-link\"><\/div><\/a>            \n\n   <div id=\"text-box-1710982573\" class=\"text-box banner-layer x50 md-x50 lg-x50 y50 md-y50 lg-y50 res-text\">\n                                <div class=\"text-box-content text dark\">\n              \n\t<div class=\"is-border\"\n\t\tstyle=\"border-width:3px 3px 3px 3px;margin:0px 0px 0px 0px;\">\n\t<\/div>\n              <div class=\"text-inner text-center\">\n                  \n\n\t<div id=\"text-1412528479\" class=\"text\">\n\t\t\n\n<h3 class=\"uppercase\"><strong>AVISO LEGAL <\/strong><\/h3>\n\t\t\n<style>\n#text-1412528479 {\n  font-size: 0.75rem;\n}\n<\/style>\n\t<\/div>\n\t\n\n              <\/div>\n           <\/div>\n                            \n<style>\n#text-box-1710982573 .text-box-content {\n  background-color: rgba(77, 116, 122, 0.66);\n  font-size: 100%;\n}\n#text-box-1710982573 .text-inner {\n  padding: 3px 0px 3px 0px;\n}\n#text-box-1710982573 {\n  width: 66%;\n}\n@media (min-width:550px) {\n  #text-box-1710982573 {\n    width: 45%;\n  }\n}\n<\/style>\n    <\/div>\n \n\n        <\/div>\n      <\/div>\n\n            \n<style>\n#banner-1553237329 {\n  padding-top: 350px;\n}\n#banner-1553237329 .bg.bg-loaded {\n  background-image: url(https:\/\/msogestionderesiduos.com\/wp-content\/uploads\/2021\/06\/newimages1014-4-of-9.jpg);\n}\n#banner-1553237329 .overlay {\n  background-color: rgba(0,0,0,.5);\n}\n#banner-1553237329 .bg {\n  background-position: 26% 34%;\n}\n<\/style>\n  <\/div>\n\n\n\n  <div class=\"banner has-hover\" id=\"banner-662617685\">\n          <div class=\"banner-inner fill\">\n        <div class=\"banner-bg fill\" >\n            <div class=\"bg fill bg-fill \"><\/div>\n                                    \n                    <\/div>\n        <div class=\"banner-layers container\">\n            <div class=\"fill banner-link\"><\/div>            \n\n   <div id=\"text-box-2010530985\" class=\"text-box banner-layer x50 md-x50 lg-x50 y50 md-y50 lg-y50 res-text\">\n                                <div class=\"text-box-content text dark\">\n              \n              <div class=\"text-inner text-center\">\n                  \n\n\t<div id=\"text-2550277292\" class=\"text\">\n\t\t\n\n<p>MSO GESTION DE RESIDUOS SLU<\/p>\n<p>C.I.F. B86993029\u00a0<\/p>\n\t\t\n<style>\n#text-2550277292 {\n  font-size: 1.25rem;\n}\n<\/style>\n\t<\/div>\n\t\n\n              <\/div>\n           <\/div>\n                            \n<style>\n#text-box-2010530985 {\n  width: 73%;\n}\n#text-box-2010530985 .text-box-content {\n  font-size: 100%;\n}\n<\/style>\n    <\/div>\n \n\n        <\/div>\n      <\/div>\n\n            \n<style>\n#banner-662617685 {\n  padding-top: 250px;\n  background-color: rgb(34, 107, 121);\n}\n@media (min-width:550px) {\n  #banner-662617685 {\n    padding-top: 170px;\n  }\n}\n<\/style>\n  <\/div>\n\n\n\n\t\t<\/div>\n\t\t\t<\/div>\n\n\t\n\n<\/div>\n\n","protected":false},"excerpt":{"rendered":"","protected":false},"author":1,"featured_media":0,"parent":0,"menu_order":0,"comment_status":"closed","ping_status":"closed","template":"page-blank.php","meta":{"footnotes":""},"class_list":["post-9","page","type-page","status-publish","hentry"],"_links":{"self":[{"href":"https:\/\/msogestionderesiduos.com\/index.php\/wp-json\/wp\/v2\/pages\/9","targetHints":{"allow":["GET"]}}],"collection":[{"href":"https:\/\/msogestionderesiduos.com\/index.php\/wp-json\/wp\/v2\/pages"}],"about":[{"href":"https:\/\/msogestionderesiduos.com\/index.php\/wp-json\/wp\/v2\/types\/page"}],"author":[{"embeddable":true,"href":"https:\/\/msogestionderesiduos.com\/index.php\/wp-json\/wp\/v2\/users\/1"}],"replies":[{"embeddable":true,"href":"https:\/\/msogestionderesiduos.com\/index.php\/wp-json\/wp\/v2\/comments?post=9"}],"version-history":[{"count":39,"href":"https:\/\/msogestionderesiduos.com\/index.php\/wp-json\/wp\/v2\/pages\/9\/revisions"}],"predecessor-version":[{"id":660,"href":"https:\/\/msogestionderesiduos.com\/index.php\/wp-json\/wp\/v2\/pages\/9\/revisions\/660"}],"wp:attachment":[{"href":"https:\/\/msogestionderesiduos.com\/index.php\/wp-json\/wp\/v2\/media?parent=9"}],"curies":[{"name":"wp","href":"https:\/\/api.w.org\/{rel}","templated":true}]}}